{"id":28,"date":"2018-01-31T11:58:23","date_gmt":"2018-01-31T10:58:23","guid":{"rendered":"http:\/\/strains.fr\/?page_id=28"},"modified":"2020-07-24T15:55:51","modified_gmt":"2020-07-24T13:55:51","slug":"accueil","status":"publish","type":"page","link":"https:\/\/strains.fr\/","title":{"rendered":""},"content":{"rendered":"<p>Strains a aujourd&rsquo;hui deux\u00a0 activit\u00e9s principales\u00a0: <a href=\"http:\/\/strains.fr\/index.php\/ingenierie\/\" target=\"_blank\" rel=\"noopener noreferrer\">l\u2019ing\u00e9nierie des ouvrages complexes<\/a>, et l\u2019\u00e9dition de logiciels sp\u00e9cialis\u00e9s pour la mod\u00e9lisation et le calcul de structures.<\/p>\n<p>La soci\u00e9t\u00e9 est fond\u00e9e en 2014 par 7 ing\u00e9nieurs ayant une forte exp\u00e9rience de l\u2019ing\u00e9nierie des grands ouvrages. Actuellement, l&rsquo;\u00e9quipe Strains est constitu\u00e9e\u00a0de 11 personnes \u00e0 temps complet. Tous sont ing\u00e9nieurs de formation, sp\u00e9cialistes des ouvrages et structures complexes, et des mat\u00e9riaux.<\/p>\n<p style=\"text-align: center;\">\n","protected":false},"excerpt":{"rendered":"<p>Strains a aujourd&rsquo;hui deux\u00a0 activit\u00e9s principales\u00a0: l\u2019ing\u00e9nierie des ouvrages complexes, et l\u2019\u00e9dition de logiciels sp\u00e9cialis\u00e9s pour la mod\u00e9lisation et le calcul de structures. La soci\u00e9t\u00e9 est fond\u00e9e en 2014 par 7 ing\u00e9nieurs ayant une forte exp\u00e9rience de l\u2019ing\u00e9nierie des grands ouvrages. Actuellement, l&rsquo;\u00e9quipe Strains est constitu\u00e9e\u00a0de 11 personnes \u00e0 temps complet. Tous sont ing\u00e9nieurs de &hellip; <\/p>\n<p class=\"link-more\"><a href=\"https:\/\/strains.fr\/\" class=\"more-link\">Continuer la lecture<span class=\"screen-reader-text\"> de &laquo;&nbsp;&nbsp;&raquo;<\/span><\/a><\/p>\n","protected":false},"author":2,"featured_media":0,"parent":0,"menu_order":0,"comment_status":"closed","ping_status":"closed","template":"","meta":[],"_links":{"self":[{"href":"https:\/\/strains.fr\/index.php\/wp-json\/wp\/v2\/pages\/28"}],"collection":[{"href":"https:\/\/strains.fr\/index.php\/wp-json\/wp\/v2\/pages"}],"about":[{"href":"https:\/\/strains.fr\/index.php\/wp-json\/wp\/v2\/types\/page"}],"author":[{"embeddable":true,"href":"https:\/\/strains.fr\/index.php\/wp-json\/wp\/v2\/users\/2"}],"replies":[{"embeddable":true,"href":"https:\/\/strains.fr\/index.php\/wp-json\/wp\/v2\/comments?post=28"}],"version-history":[{"count":20,"href":"https:\/\/strains.fr\/index.php\/wp-json\/wp\/v2\/pages\/28\/revisions"}],"predecessor-version":[{"id":1111,"href":"https:\/\/strains.fr\/index.php\/wp-json\/wp\/v2\/pages\/28\/revisions\/1111"}],"wp:attachment":[{"href":"https:\/\/strains.fr\/index.php\/wp-json\/wp\/v2\/media?parent=28"}],"curies":[{"name":"wp","href":"https:\/\/api.w.org\/{rel}","templated":true}]}}