{"id":29,"date":"2018-01-31T12:05:01","date_gmt":"2018-01-31T11:05:01","guid":{"rendered":"http:\/\/strains.fr\/?page_id=29"},"modified":"2018-04-11T09:48:16","modified_gmt":"2018-04-11T07:48:16","slug":"ds-steel","status":"publish","type":"page","link":"https:\/\/strains.fr\/index.php\/ds-steel\/","title":{"rendered":"DS STEEL"},"content":{"rendered":"<h1 style=\"text-align: center;\"><img loading=\"lazy\" class=\"alignnone size-medium wp-image-182\" src=\"http:\/\/strains.fr\/wp-content\/uploads\/2018\/01\/DS-STEEL_BY-STRAINS-300x90.png\" alt=\"\" width=\"300\" height=\"90\" srcset=\"https:\/\/strains.fr\/wp-content\/uploads\/2018\/01\/DS-STEEL_BY-STRAINS-300x90.png 300w, https:\/\/strains.fr\/wp-content\/uploads\/2018\/01\/DS-STEEL_BY-STRAINS-768x229.png 768w, https:\/\/strains.fr\/wp-content\/uploads\/2018\/01\/DS-STEEL_BY-STRAINS-1024x306.png 1024w, https:\/\/strains.fr\/wp-content\/uploads\/2018\/01\/DS-STEEL_BY-STRAINS.png 1979w\" sizes=\"(max-width: 300px) 100vw, 300px\" \/><\/h1>\n<p style=\"text-align: center;\">V\u00e9rification fiable de la r\u00e9sistance de structures m\u00e9talliques nouvelles et existantes, compr\u00e9hension du fonctionnement et des vuln\u00e9rabilit\u00e9s des assemblages, conception des d\u00e9tails les plus complexes.<\/p>\n<p style=\"text-align: center;\"><a class=\"btn\" href=\"https:\/\/digital-structure.com\/accounts\/register\/\" target=\"_blank\" rel=\"noopener\">Commencez l&rsquo;exp\u00e9rience<\/a><\/p>\n<h3 style=\"text-align: center;\"><strong><img loading=\"lazy\" class=\"alignnone size-full wp-image-183\" src=\"http:\/\/strains.fr\/wp-content\/uploads\/2018\/01\/icon_3D-DESIGN.png\" alt=\"\" width=\"137\" height=\"137\" srcset=\"https:\/\/strains.fr\/wp-content\/uploads\/2018\/01\/icon_3D-DESIGN.png 137w, https:\/\/strains.fr\/wp-content\/uploads\/2018\/01\/icon_3D-DESIGN-100x100.png 100w\" sizes=\"(max-width: 137px) 100vw, 137px\" \/>\u00a0<\/strong><\/h3>\n<h3 style=\"text-align: center;\"><strong>Conception 3D d\u00e9di\u00e9e rapide et pr\u00e9cise<\/strong><\/h3>\n<figure id=\"attachment_84\" aria-describedby=\"caption-attachment-84\" style=\"width: 525px\" class=\"wp-caption aligncenter\"><img loading=\"lazy\" class=\"wp-image-84 size-large\" src=\"http:\/\/strains.fr\/wp-content\/uploads\/2018\/01\/DS_Steel6_shade-1024x576.png\" alt=\"\" width=\"525\" height=\"295\" srcset=\"https:\/\/strains.fr\/wp-content\/uploads\/2018\/01\/DS_Steel6_shade-1024x576.png 1024w, https:\/\/strains.fr\/wp-content\/uploads\/2018\/01\/DS_Steel6_shade-300x169.png 300w, https:\/\/strains.fr\/wp-content\/uploads\/2018\/01\/DS_Steel6_shade-768x432.png 768w\" sizes=\"(max-width: 525px) 100vw, 525px\" \/><figcaption id=\"caption-attachment-84\" class=\"wp-caption-text\">Le modeleur 3D int\u00e9gr\u00e9 permet de mod\u00e9liser n&rsquo;importe quelle g\u00e9om\u00e9trie jusqu&rsquo;au moindre d\u00e9tail.<\/figcaption><\/figure>\n<p style=\"text-align: center;\">Le logiciel permet la cr\u00e9ation de g\u00e9om\u00e9tries g\u00e9n\u00e9rales en quelques clics.<br \/>\nLe catalogue de profil\u00e9s standards et la biblioth\u00e8que d&rsquo;assemblages couvre les cas courants. Pour aller plus loin, le logiciel autorise l&rsquo;import de g\u00e9om\u00e9tries au format IFC et STEP.<\/p>\n<p><img loading=\"lazy\" class=\"size-full wp-image-188 aligncenter\" src=\"http:\/\/strains.fr\/wp-content\/uploads\/2018\/01\/icon_ULTIMATE-LIMIT-STATE.png\" alt=\"\" width=\"135\" height=\"135\" srcset=\"https:\/\/strains.fr\/wp-content\/uploads\/2018\/01\/icon_ULTIMATE-LIMIT-STATE.png 135w, https:\/\/strains.fr\/wp-content\/uploads\/2018\/01\/icon_ULTIMATE-LIMIT-STATE-100x100.png 100w\" sizes=\"(max-width: 135px) 100vw, 135px\" \/><\/p>\n<h3 style=\"text-align: center;\"><strong>Evaluation fiable des marges de s\u00e9curit\u00e9\u00a0<\/strong><\/h3>\n<figure id=\"attachment_81\" aria-describedby=\"caption-attachment-81\" style=\"width: 525px\" class=\"wp-caption aligncenter\"><img loading=\"lazy\" class=\"wp-image-81 size-large\" src=\"http:\/\/strains.fr\/wp-content\/uploads\/2018\/01\/DS_Steel4_shade-1024x576.png\" alt=\"\" width=\"525\" height=\"295\" srcset=\"https:\/\/strains.fr\/wp-content\/uploads\/2018\/01\/DS_Steel4_shade-1024x576.png 1024w, https:\/\/strains.fr\/wp-content\/uploads\/2018\/01\/DS_Steel4_shade-300x169.png 300w, https:\/\/strains.fr\/wp-content\/uploads\/2018\/01\/DS_Steel4_shade-768x432.png 768w\" sizes=\"(max-width: 525px) 100vw, 525px\" \/><figcaption id=\"caption-attachment-81\" class=\"wp-caption-text\">Les r\u00e9sultats permettent de visualiser le m\u00e9canisme de ruine et de comprendre les vuln\u00e9rabilit\u00e9s de l&rsquo;assemblage.<\/figcaption><\/figure>\n<p style=\"text-align: center;\">Fiabilit\u00e9: capacit\u00e9 r\u00e9sistante ultime encadr\u00e9e. Le logiciel calcule deux facteurs de charge limite dont l&rsquo;\u00e9cart est l&rsquo;erreur sur la solution recherch\u00e9e.<br \/>\nIdentification des zones de faiblesse et animation du m\u00e9canisme de ruine. Interpr\u00e9tation claire du r\u00e9sultat pour une correction facilit\u00e9e et une aide \u00e0 la conception.<\/p>\n<p style=\"text-align: center;\"><img loading=\"lazy\" class=\"alignnone size-full wp-image-186\" src=\"http:\/\/strains.fr\/wp-content\/uploads\/2018\/01\/icon_MESH.png\" alt=\"\" width=\"129\" height=\"129\" srcset=\"https:\/\/strains.fr\/wp-content\/uploads\/2018\/01\/icon_MESH.png 129w, https:\/\/strains.fr\/wp-content\/uploads\/2018\/01\/icon_MESH-100x100.png 100w\" sizes=\"(max-width: 129px) 100vw, 129px\" \/><\/p>\n<h3 style=\"text-align: center;\"><strong>Contr\u00f4le de l&rsquo;analyse<\/strong><\/h3>\n<figure id=\"attachment_86\" aria-describedby=\"caption-attachment-86\" style=\"width: 525px\" class=\"wp-caption aligncenter\"><img loading=\"lazy\" class=\"wp-image-86 size-large\" src=\"http:\/\/strains.fr\/wp-content\/uploads\/2018\/01\/DS_Steel7_shade-1024x436.png\" alt=\"\" width=\"525\" height=\"224\" srcset=\"https:\/\/strains.fr\/wp-content\/uploads\/2018\/01\/DS_Steel7_shade-1024x436.png 1024w, https:\/\/strains.fr\/wp-content\/uploads\/2018\/01\/DS_Steel7_shade-300x128.png 300w, https:\/\/strains.fr\/wp-content\/uploads\/2018\/01\/DS_Steel7_shade-768x327.png 768w\" sizes=\"(max-width: 525px) 100vw, 525px\" \/><figcaption id=\"caption-attachment-86\" class=\"wp-caption-text\">Remaillage automatique pour des r\u00e9sultats plus pr\u00e9cis.<\/figcaption><\/figure>\n<p style=\"text-align: center;\">Le logiciel adapte et affine le maillage dans les zones d&rsquo;int\u00e9r\u00eat.<br \/>\nL&rsquo;utilisateur contr\u00f4le la pr\u00e9cision du r\u00e9sultat et peut relancer le calcul sur un maillage optimis\u00e9.<\/p>\n<p style=\"text-align: center;\"><a class=\"btn\" href=\"https:\/\/digital-structure.com\/accounts\/register\/\" target=\"_blank\" rel=\"noopener\">Commencez l&rsquo;exp\u00e9rience<\/a><\/p>\n<p style=\"text-align: center;\">\u00e9valuation gratuite pendant 14 jours<\/p>\n<p style=\"text-align: center;\">D\u00e9couvrez qui sont <a href=\"http:\/\/strains.fr\/index.php\/category\/clients\/\">nos clients.<\/a><\/p>\n","protected":false},"excerpt":{"rendered":"<p>V\u00e9rification fiable de la r\u00e9sistance de structures m\u00e9talliques nouvelles et existantes, compr\u00e9hension du fonctionnement et des vuln\u00e9rabilit\u00e9s des assemblages, conception des d\u00e9tails les plus complexes. Commencez l&rsquo;exp\u00e9rience \u00a0 Conception 3D d\u00e9di\u00e9e rapide et pr\u00e9cise Le logiciel permet la cr\u00e9ation de g\u00e9om\u00e9tries g\u00e9n\u00e9rales en quelques clics. Le catalogue de profil\u00e9s standards et la biblioth\u00e8que d&rsquo;assemblages couvre &hellip; <\/p>\n<p class=\"link-more\"><a href=\"https:\/\/strains.fr\/index.php\/ds-steel\/\" class=\"more-link\">Continuer la lecture<span class=\"screen-reader-text\"> de &laquo;&nbsp;DS STEEL&nbsp;&raquo;<\/span><\/a><\/p>\n","protected":false},"author":2,"featured_media":0,"parent":0,"menu_order":0,"comment_status":"closed","ping_status":"closed","template":"","meta":[],"_links":{"self":[{"href":"https:\/\/strains.fr\/index.php\/wp-json\/wp\/v2\/pages\/29"}],"collection":[{"href":"https:\/\/strains.fr\/index.php\/wp-json\/wp\/v2\/pages"}],"about":[{"href":"https:\/\/strains.fr\/index.php\/wp-json\/wp\/v2\/types\/page"}],"author":[{"embeddable":true,"href":"https:\/\/strains.fr\/index.php\/wp-json\/wp\/v2\/users\/2"}],"replies":[{"embeddable":true,"href":"https:\/\/strains.fr\/index.php\/wp-json\/wp\/v2\/comments?post=29"}],"version-history":[{"count":27,"href":"https:\/\/strains.fr\/index.php\/wp-json\/wp\/v2\/pages\/29\/revisions"}],"predecessor-version":[{"id":959,"href":"https:\/\/strains.fr\/index.php\/wp-json\/wp\/v2\/pages\/29\/revisions\/959"}],"wp:attachment":[{"href":"https:\/\/strains.fr\/index.php\/wp-json\/wp\/v2\/media?parent=29"}],"curies":[{"name":"wp","href":"https:\/\/api.w.org\/{rel}","templated":true}]}}