{"id":313,"date":"2018-02-14T17:56:07","date_gmt":"2018-02-14T16:56:07","guid":{"rendered":"http:\/\/strains.fr\/?page_id=313"},"modified":"2018-03-12T11:35:06","modified_gmt":"2018-03-12T10:35:06","slug":"recherche-et-developpement","status":"publish","type":"page","link":"https:\/\/strains.fr\/index.php\/strains\/recherche-et-developpement\/","title":{"rendered":"Recherche et D\u00e9veloppement"},"content":{"rendered":"<p>Strains investi fortement en Recherche et D\u00e9veloppement dans le but de fournir \u00e0 ses clients des solutions logicielles uniques.<\/p>\n<p>La soci\u00e9t\u00e9 compte parmi ses effectifs 2 PhD (Docteurs en g\u00e9nie civil) et 3 PhD Candidate (Doctorants CIFRE en partenariat avec le laboratoire Navier des Ponts ParisTech)<\/p>\n<p>Pour en savoir plus, voici quelques articles scientifiques publi\u00e9s dans des revues internationales \u00e0 comit\u00e9 de lecture:<\/p>\n<ul>\n<li>Conf\u00e9rence internationale <a href=\"http:\/\/euro-c.tuwien.ac.at\/home\/\" target=\"_blank\" rel=\"noopener\">EURO-C 2018<\/a> sur les m\u00e9thodes de calcul pour les structures en b\u00e9ton arm\u00e9. (<a href=\"http:\/\/strains.fr\/wp-content\/uploads\/2018\/03\/Paper-EuroC-2018.pdf\">Paper<\/a>, <a href=\"http:\/\/strains.fr\/wp-content\/uploads\/2018\/03\/Pres_eurc2018.pdf\" target=\"_blank\" rel=\"noopener\">Presentation<\/a>)<\/li>\n<li>Th\u00e8se de doctorat de Mohammed-Khalil Ferradi: <a href=\"https:\/\/pastel.archives-ouvertes.fr\/tel-01305009\/document\" target=\"_blank\" rel=\"noopener\">Nouveaux Mod\u00e8les d&rsquo;\u00e9l\u00e9ments finis de poutres enrichis<\/a><\/li>\n<li><a href=\"http:\/\/strains.fr\/wp-content\/uploads\/2018\/02\/Beam-with-transversal-and-warping-eigenmodes.pdf\" target=\"_blank\" rel=\"noopener\">A new beam element with transversal and warping eigenmodes<\/a> (<a href=\"https:\/\/www.sciencedirect.com\/science\/article\/pii\/S0045794913002630\" target=\"_blank\" rel=\"noopener\">lien vers l&rsquo;article en ligne<\/a>)<\/li>\n<li><a href=\"http:\/\/strains.fr\/wp-content\/uploads\/2018\/02\/Beam-with-warping-eigenmodes.pdf\" target=\"_blank\" rel=\"noopener\">A higher order beam finite element with warping eigenmodes<\/a> (<a href=\"https:\/\/www.sciencedirect.com\/science\/article\/pii\/S0141029612004129\" target=\"_blank\" rel=\"noopener\">lien vers l&rsquo;article en ligne<\/a>)<\/li>\n<li><a href=\"http:\/\/www.arpapress.com\/Volumes\/Vol15Issue1\/IJRRAS_15_1_07.pdf\">Corotational method and differential geometry<\/a><\/li>\n<\/ul>\n","protected":false},"excerpt":{"rendered":"<p>Strains investi fortement en Recherche et D\u00e9veloppement dans le but de fournir \u00e0 ses clients des solutions logicielles uniques. La soci\u00e9t\u00e9 compte parmi ses effectifs 2 PhD (Docteurs en g\u00e9nie civil) et 3 PhD Candidate (Doctorants CIFRE en partenariat avec le laboratoire Navier des Ponts ParisTech) Pour en savoir plus, voici quelques articles scientifiques publi\u00e9s &hellip; <\/p>\n<p class=\"link-more\"><a href=\"https:\/\/strains.fr\/index.php\/strains\/recherche-et-developpement\/\" class=\"more-link\">Continuer la lecture<span class=\"screen-reader-text\"> de &laquo;&nbsp;Recherche et D\u00e9veloppement&nbsp;&raquo;<\/span><\/a><\/p>\n","protected":false},"author":2,"featured_media":0,"parent":57,"menu_order":1,"comment_status":"closed","ping_status":"closed","template":"","meta":[],"_links":{"self":[{"href":"https:\/\/strains.fr\/index.php\/wp-json\/wp\/v2\/pages\/313"}],"collection":[{"href":"https:\/\/strains.fr\/index.php\/wp-json\/wp\/v2\/pages"}],"about":[{"href":"https:\/\/strains.fr\/index.php\/wp-json\/wp\/v2\/types\/page"}],"author":[{"embeddable":true,"href":"https:\/\/strains.fr\/index.php\/wp-json\/wp\/v2\/users\/2"}],"replies":[{"embeddable":true,"href":"https:\/\/strains.fr\/index.php\/wp-json\/wp\/v2\/comments?post=313"}],"version-history":[{"count":10,"href":"https:\/\/strains.fr\/index.php\/wp-json\/wp\/v2\/pages\/313\/revisions"}],"predecessor-version":[{"id":663,"href":"https:\/\/strains.fr\/index.php\/wp-json\/wp\/v2\/pages\/313\/revisions\/663"}],"up":[{"embeddable":true,"href":"https:\/\/strains.fr\/index.php\/wp-json\/wp\/v2\/pages\/57"}],"wp:attachment":[{"href":"https:\/\/strains.fr\/index.php\/wp-json\/wp\/v2\/media?parent=313"}],"curies":[{"name":"wp","href":"https:\/\/api.w.org\/{rel}","templated":true}]}}