{"id":57,"date":"2018-01-31T12:14:18","date_gmt":"2018-01-31T11:14:18","guid":{"rendered":"http:\/\/strains.fr\/?page_id=57"},"modified":"2020-07-24T14:01:07","modified_gmt":"2020-07-24T12:01:07","slug":"strains","status":"publish","type":"page","link":"https:\/\/strains.fr\/index.php\/strains\/","title":{"rendered":"Soci\u00e9t\u00e9"},"content":{"rendered":"<p style=\"text-align: center;\">Les membres fondateurs de Strains se rencontrent au sein d\u2019une grande ing\u00e9nierie et font leurs armes sur des \u00e9tudes complexes et de la R&amp;D autour du logiciel d\u2019analyse de structures. Quelques ann\u00e9es plus tard, ils cr\u00e9ent Strains dans le but de renouveler les outils de conception et de calcul en conservant l\u2019id\u00e9e que les logiciels pour l\u2019analyse de structure doivent \u00eatre d\u00e9velopp\u00e9s par des ing\u00e9nieurs, non seulement pour correspondre \u00e0 leurs besoins mais aussi dans le but d\u2019accompagner leur vision du futur de l\u2019ing\u00e9nierie des structures.<\/p>\n<hr \/>\n<p style=\"text-align: center;\"><strong>Partenaires Technologique et Scientifique<\/strong><\/p>\n<p><a href=\"https:\/\/navier.enpc.fr\/\" target=\"_blank\" rel=\"noopener\"><img loading=\"lazy\" class=\"aligncenter wp-image-210 size-full\" src=\"http:\/\/strains.fr\/wp-content\/uploads\/2018\/02\/Pont_Navier.png\" alt=\"\" width=\"160\" height=\"245\" \/><\/a><\/p>\n<p><a href=\"https:\/\/www.opencascade.com\/\" target=\"_blank\" rel=\"noopener\"><img loading=\"lazy\" class=\"aligncenter wp-image-211 size-medium\" src=\"http:\/\/strains.fr\/wp-content\/uploads\/2018\/02\/OpenCascade-300x98.gif\" alt=\"\" width=\"300\" height=\"98\" \/><\/a><\/p>\n<p><a href=\"http:\/\/www.distene.com\/\" target=\"_blank\" rel=\"noopener\"><img loading=\"lazy\" class=\"aligncenter wp-image-212 size-medium\" src=\"http:\/\/strains.fr\/wp-content\/uploads\/2018\/02\/distene-logo-300x154.png\" alt=\"\" width=\"300\" height=\"154\" srcset=\"https:\/\/strains.fr\/wp-content\/uploads\/2018\/02\/distene-logo-300x154.png 300w, https:\/\/strains.fr\/wp-content\/uploads\/2018\/02\/distene-logo.png 320w\" sizes=\"(max-width: 300px) 100vw, 300px\" \/><\/a><\/p>\n<p style=\"text-align: center;\">\n","protected":false},"excerpt":{"rendered":"<p>Les membres fondateurs de Strains se rencontrent au sein d\u2019une grande ing\u00e9nierie et font leurs armes sur des \u00e9tudes complexes et de la R&amp;D autour du logiciel d\u2019analyse de structures. Quelques ann\u00e9es plus tard, ils cr\u00e9ent Strains dans le but de renouveler les outils de conception et de calcul en conservant l\u2019id\u00e9e que les logiciels &hellip; <\/p>\n<p class=\"link-more\"><a href=\"https:\/\/strains.fr\/index.php\/strains\/\" class=\"more-link\">Continuer la lecture<span class=\"screen-reader-text\"> de &laquo;&nbsp;Soci\u00e9t\u00e9&nbsp;&raquo;<\/span><\/a><\/p>\n","protected":false},"author":2,"featured_media":59,"parent":0,"menu_order":0,"comment_status":"closed","ping_status":"closed","template":"","meta":[],"_links":{"self":[{"href":"https:\/\/strains.fr\/index.php\/wp-json\/wp\/v2\/pages\/57"}],"collection":[{"href":"https:\/\/strains.fr\/index.php\/wp-json\/wp\/v2\/pages"}],"about":[{"href":"https:\/\/strains.fr\/index.php\/wp-json\/wp\/v2\/types\/page"}],"author":[{"embeddable":true,"href":"https:\/\/strains.fr\/index.php\/wp-json\/wp\/v2\/users\/2"}],"replies":[{"embeddable":true,"href":"https:\/\/strains.fr\/index.php\/wp-json\/wp\/v2\/comments?post=57"}],"version-history":[{"count":19,"href":"https:\/\/strains.fr\/index.php\/wp-json\/wp\/v2\/pages\/57\/revisions"}],"predecessor-version":[{"id":1061,"href":"https:\/\/strains.fr\/index.php\/wp-json\/wp\/v2\/pages\/57\/revisions\/1061"}],"wp:featuredmedia":[{"embeddable":true,"href":"https:\/\/strains.fr\/index.php\/wp-json\/wp\/v2\/media\/59"}],"wp:attachment":[{"href":"https:\/\/strains.fr\/index.php\/wp-json\/wp\/v2\/media?parent=57"}],"curies":[{"name":"wp","href":"https:\/\/api.w.org\/{rel}","templated":true}]}}